{"id":399,"date":"2012-12-05T12:36:21","date_gmt":"2012-12-05T12:36:21","guid":{"rendered":"http:\/\/localhost\/eprom\/?page_id=399"},"modified":"2017-07-22T14:53:05","modified_gmt":"2017-07-22T14:53:05","slug":"artists","status":"publish","type":"page","link":"http:\/\/edicao2017.angrajazz.com\/en\/artists\/","title":{"rendered":"Musicians"},"content":{"rendered":"<div class=\"items artists\"><article class=\"col-1-4 clearfix\"><a href=\"http:\/\/edicao2017.angrajazz.com\/en\/artist\/orquestra-angrajazz\/\" class=\"aligncenter thumb-icon\"  ><img decoding=\"async\" src=\"http:\/\/edicao2017.angrajazz.com\/wp-content\/themes\/imix\/thumb.php?src=http:\/\/edicao2017.angrajazz.com\/wp-content\/uploads\/2017\/07\/Orquestra-Angrajazz-I-foto-Marg.-Quinteiro.jpg&amp;a=c&amp;w=460&amp;h=460&amp;q=80\" alt=\"http:\/\/edicao2017.angrajazz.com\/wp-content\/uploads\/2017\/07\/Orquestra-Angrajazz-I-foto-Marg.-Quinteiro.jpg\" title=\"Angrajazz Orchestra\" class=\"\" ><span class=\"icon plus\"><\/span><\/a><footer><h3><a href=\"http:\/\/edicao2017.angrajazz.com\/en\/artist\/orquestra-angrajazz\/\">Angrajazz Orchestra<\/a><\/h3><p><\/p><div class=\"cat\">Jazz<\/div><\/footer><\/article><article class=\"col-1-4 clearfix\"><a href=\"http:\/\/edicao2017.angrajazz.com\/en\/artist\/baptiste-trotignon-minimo-garay-duo\/\" class=\"aligncenter thumb-icon\"  ><img decoding=\"async\" src=\"http:\/\/edicao2017.angrajazz.com\/wp-content\/themes\/imix\/thumb.php?src=http:\/\/edicao2017.angrajazz.com\/wp-content\/uploads\/2017\/07\/Baptiste-Trotignon-Minimo-Garay-1.jpg&amp;a=c&amp;w=460&amp;h=460&amp;q=80\" alt=\"http:\/\/edicao2017.angrajazz.com\/wp-content\/uploads\/2017\/07\/Baptiste-Trotignon-Minimo-Garay-1.jpg\" title=\"Baptiste Trotignon &amp;#038; Minimo Garay Duo\" class=\"\" ><span class=\"icon plus\"><\/span><\/a><footer><h3><a href=\"http:\/\/edicao2017.angrajazz.com\/en\/artist\/baptiste-trotignon-minimo-garay-duo\/\">Baptiste Trotignon &#038; Minimo Garay Duo<\/a><\/h3><p><\/p><div class=\"cat\">Jazz<\/div><\/footer><\/article><article class=\"col-1-4 clearfix\"><a href=\"http:\/\/edicao2017.angrajazz.com\/en\/artist\/charles-tolliver-tentet\/\" class=\"aligncenter thumb-icon\"  ><img decoding=\"async\" src=\"http:\/\/edicao2017.angrajazz.com\/wp-content\/themes\/imix\/thumb.php?src=http:\/\/edicao2017.angrajazz.com\/wp-content\/uploads\/2017\/07\/CharlesTolliver-3-por-Jimmy-Katz.jpg&amp;a=c&amp;w=460&amp;h=460&amp;q=80\" alt=\"http:\/\/edicao2017.angrajazz.com\/wp-content\/uploads\/2017\/07\/CharlesTolliver-3-por-Jimmy-Katz.jpg\" title=\"Charles Tolliver Tentet\" class=\"\" ><span class=\"icon plus\"><\/span><\/a><footer><h3><a href=\"http:\/\/edicao2017.angrajazz.com\/en\/artist\/charles-tolliver-tentet\/\">Charles Tolliver Tentet<\/a><\/h3><p><\/p><div class=\"cat\">Jazz<\/div><\/footer><\/article><article class=\"col-1-4 clearfix\"><a href=\"http:\/\/edicao2017.angrajazz.com\/en\/artist\/ensemble-super-moderne\/\" class=\"aligncenter thumb-icon\"  ><img decoding=\"async\" src=\"http:\/\/edicao2017.angrajazz.com\/wp-content\/themes\/imix\/thumb.php?src=http:\/\/edicao2017.angrajazz.com\/wp-content\/uploads\/2017\/07\/ESM-1-por-Amaral-Moreira.jpg&amp;a=c&amp;w=460&amp;h=460&amp;q=80\" alt=\"http:\/\/edicao2017.angrajazz.com\/wp-content\/uploads\/2017\/07\/ESM-1-por-Amaral-Moreira.jpg\" title=\"Ensemble Super Moderne\" class=\"\" ><span class=\"icon plus\"><\/span><\/a><footer><h3><a href=\"http:\/\/edicao2017.angrajazz.com\/en\/artist\/ensemble-super-moderne\/\">Ensemble Super Moderne<\/a><\/h3><p><\/p><div class=\"cat\">Jazz<\/div><\/footer><\/article><article class=\"col-1-4 clearfix\"><a href=\"http:\/\/edicao2017.angrajazz.com\/en\/artist\/ensemble-super-moderne-2\/\" class=\"aligncenter thumb-icon\"  ><img decoding=\"async\" src=\"http:\/\/edicao2017.angrajazz.com\/wp-content\/themes\/imix\/thumb.php?src=http:\/\/edicao2017.angrajazz.com\/wp-content\/uploads\/2017\/07\/matt-wilson-2-por-Jimmy-Katz.jpg&amp;a=tr&amp;w=460&amp;h=460&amp;q=80\" alt=\"http:\/\/edicao2017.angrajazz.com\/wp-content\/uploads\/2017\/07\/matt-wilson-2-por-Jimmy-Katz.jpg\" title=\"Matt Wilson Quartet\" class=\"\" ><span class=\"icon plus\"><\/span><\/a><footer><h3><a href=\"http:\/\/edicao2017.angrajazz.com\/en\/artist\/ensemble-super-moderne-2\/\">Matt Wilson Quartet<\/a><\/h3><p><\/p><div class=\"cat\">Jazz<\/div><\/footer><\/article><article class=\"col-1-4 clearfix\"><a href=\"http:\/\/edicao2017.angrajazz.com\/en\/artist\/yilian-canizares-quintet\/\" class=\"aligncenter thumb-icon\"  ><img decoding=\"async\" src=\"http:\/\/edicao2017.angrajazz.com\/wp-content\/themes\/imix\/thumb.php?src=http:\/\/edicao2017.angrajazz.com\/wp-content\/uploads\/2017\/07\/Yilian-Canizare\u0300s-1.jpg&amp;a=c&amp;w=460&amp;h=460&amp;q=80\" alt=\"http:\/\/edicao2017.angrajazz.com\/wp-content\/uploads\/2017\/07\/Yilian-Canizare\u0300s-1.jpg\" title=\"Yilian Ca\u00f1izares Quintet\" class=\"\" ><span class=\"icon plus\"><\/span><\/a><footer><h3><a href=\"http:\/\/edicao2017.angrajazz.com\/en\/artist\/yilian-canizares-quintet\/\">Yilian Ca\u00f1izares Quintet<\/a><\/h3><p><\/p><div class=\"cat\">Jazz<\/div><\/footer><\/article><article class=\"col-1-4 clearfix\"><a href=\"http:\/\/edicao2017.angrajazz.com\/en\/artist\/jon-irabagon-quartet\/\" class=\"aligncenter thumb-icon\"  ><img decoding=\"async\" src=\"http:\/\/edicao2017.angrajazz.com\/wp-content\/themes\/imix\/thumb.php?src=http:\/\/edicao2017.angrajazz.com\/wp-content\/uploads\/2017\/07\/jon.jpg&amp;a=br&amp;w=460&amp;h=460&amp;q=80\" alt=\"http:\/\/edicao2017.angrajazz.com\/wp-content\/uploads\/2017\/07\/jon.jpg\" title=\"Jon Irabagon Quartet\" class=\"\" ><span class=\"icon plus\"><\/span><\/a><footer><h3><a href=\"http:\/\/edicao2017.angrajazz.com\/en\/artist\/jon-irabagon-quartet\/\">Jon Irabagon Quartet<\/a><\/h3><p><\/p><div class=\"cat\">Jazz<\/div><\/footer><\/article><\/div>\n","protected":false},"excerpt":{"rendered":"{:pt} Jon Irabagon Quartet SaxofoneJon Irabagon PianoLuis Perdomo ContrabaixoYasushi Nakamura Bateria\u00a0Rudy Royston Out. 07 S\u00e1bado - 23h30 OrigemUSA G\u00e9neroJazz Bio. O saxofonista americano Jon Irabagon nasceu em 1979, estudou saxofone alto e piano na escola, come\u00e7ou a tocar profissionalmente na \u00e1rea de Chicago, e estudou m\u00fasica e jornalismo na DePaul University. \u00a0Em 2001 mudou-se para [...]","protected":false},"author":1,"featured_media":0,"parent":0,"menu_order":0,"comment_status":"closed","ping_status":"closed","template":"","meta":{"footnotes":"","_links_to":"","_links_to_target":""},"class_list":["post-399","page","type-page","status-publish","hentry"],"translation":{"provider":"WPGlobus","version":"3.0.0","language":"en","enabled_languages":["pt","en"],"languages":{"pt":{"title":true,"content":true,"excerpt":false},"en":{"title":true,"content":true,"excerpt":false}}},"_links":{"self":[{"href":"http:\/\/edicao2017.angrajazz.com\/en\/wp-json\/wp\/v2\/pages\/399","targetHints":{"allow":["GET"]}}],"collection":[{"href":"http:\/\/edicao2017.angrajazz.com\/en\/wp-json\/wp\/v2\/pages"}],"about":[{"href":"http:\/\/edicao2017.angrajazz.com\/en\/wp-json\/wp\/v2\/types\/page"}],"author":[{"embeddable":true,"href":"http:\/\/edicao2017.angrajazz.com\/en\/wp-json\/wp\/v2\/users\/1"}],"replies":[{"embeddable":true,"href":"http:\/\/edicao2017.angrajazz.com\/en\/wp-json\/wp\/v2\/comments?post=399"}],"version-history":[{"count":6,"href":"http:\/\/edicao2017.angrajazz.com\/en\/wp-json\/wp\/v2\/pages\/399\/revisions"}],"predecessor-version":[{"id":1664,"href":"http:\/\/edicao2017.angrajazz.com\/en\/wp-json\/wp\/v2\/pages\/399\/revisions\/1664"}],"wp:attachment":[{"href":"http:\/\/edicao2017.angrajazz.com\/en\/wp-json\/wp\/v2\/media?parent=399"}],"curies":[{"name":"wp","href":"https:\/\/api.w.org\/{rel}","templated":true}]}}